{"id":9003,"date":"2020-10-23T16:08:45","date_gmt":"2020-10-23T14:08:45","guid":{"rendered":"https:\/\/relaunch.jan-brand-solutions.at\/sluzby\/"},"modified":"2023-10-24T21:25:37","modified_gmt":"2023-10-24T19:25:37","slug":"sluzby","status":"publish","type":"page","link":"https:\/\/relaunch.jan-brand-solutions.at\/sk\/sluzby\/","title":{"rendered":"Slu\u017eby"},"content":{"rendered":"<p>[et_pb_section fb_built=&#8220;1&#8243; admin_label=&#8220;section&#8220; _builder_version=&#8220;4.16&#8243; background_color=&#8220;rgba(57,57,57,0.85)&#8220; background_image=&#8220;https:\/\/relaunch.jan-brand-solutions.at\/wp-content\/uploads\/2020\/10\/garage-img-28.jpg&#8220; background_blend=&#8220;multiply&#8220; custom_padding=&#8220;120px||240px||false|false&#8220; global_colors_info=&#8220;{}&#8220;][et_pb_row _builder_version=&#8220;4.16&#8243; _module_preset=&#8220;default&#8220; custom_padding=&#8220;||80px||false|false&#8220; scroll_vertical_motion_enable=&#8220;on&#8220; scroll_vertical_motion=&#8220;0|90|90|100|0|0|0.5&#8243; scroll_fade_enable=&#8220;on&#8220; scroll_fade=&#8220;0|90|90|100|100%|100%|0%&#8220; global_colors_info=&#8220;{}&#8220;][et_pb_column type=&#8220;4_4&#8243; _builder_version=&#8220;4.16&#8243; _module_preset=&#8220;default&#8220; global_colors_info=&#8220;{}&#8220;][et_pb_text _builder_version=&#8220;4.16&#8243; _module_preset=&#8220;default&#8220; header_text_align=&#8220;center&#8220; header_text_color=&#8220;#ffffff&#8220; header_font_size=&#8220;60px&#8220; custom_margin=&#8220;||10px||false|false&#8220; animation_direction=&#8220;bottom&#8220; header_font_size_tablet=&#8220;50px&#8220; header_font_size_phone=&#8220;40px&#8220; header_font_size_last_edited=&#8220;on|desktop&#8220; global_colors_info=&#8220;{}&#8220;]<\/p>\n<h1>Na\u0161e slu\u017eby<\/h1>\n<p>[\/et_pb_text][dipi_breadcrumbs bc_home_icon=&#8220;off&#8220; bc_separator_icon=&#8220;&#x24;||divi||400&#8243; bc_separator_color=&#8220;#ffffff&#8220; bc_item_bg_color=&#8220;rgba(0,0,0,0)&#8220; bc_active_item_color=&#8220;rgba(0,0,0,0)&#8220; bc_hover_item_bg_color=&#8220;rgba(0,0,0,0)&#8220; _builder_version=&#8220;4.16&#8243; _module_preset=&#8220;default&#8220; items_text_color=&#8220;rgba(255,255,255,0.6)&#8220; hover_text_color=&#8220;#ffffff&#8220; active_text_color=&#8220;#ffffff&#8220; module_alignment=&#8220;center&#8220; animation_direction=&#8220;bottom&#8220; items_text_shadow_style=&#8220;preset1&#8243; global_colors_info=&#8220;{}&#8220;][\/dipi_breadcrumbs][\/et_pb_column][\/et_pb_row][\/et_pb_section][et_pb_section fb_built=&#8220;1&#8243; _builder_version=&#8220;4.16&#8243; _module_preset=&#8220;default&#8220; background_color=&#8220;#f2f3f3&#8243; custom_padding=&#8220;2px|||||&#8220; global_colors_info=&#8220;{}&#8220;][et_pb_row column_structure=&#8220;1_2,1_2&#8243; custom_padding_last_edited=&#8220;on|phone&#8220; _builder_version=&#8220;4.16&#8243; _module_preset=&#8220;default&#8220; background_color=&#8220;#ffffff&#8220; width_tablet=&#8220;90%&#8220; width_phone=&#8220;100%&#8220; width_last_edited=&#8220;on|phone&#8220; custom_margin=&#8220;-200px||||false|false&#8220; custom_padding=&#8220;100px||100px||false|false&#8220; custom_padding_tablet=&#8220;60px||100px||false|false&#8220; custom_padding_phone=&#8220;&#8220; animation_style=&#8220;slide&#8220; animation_direction=&#8220;bottom&#8220; animation_duration=&#8220;2000ms&#8220; animation_delay=&#8220;200ms&#8220; animation_intensity_slide=&#8220;2%&#8220; animation_starting_opacity=&#8220;100%&#8220; global_colors_info=&#8220;{}&#8220;][et_pb_column type=&#8220;1_2&#8243; _builder_version=&#8220;4.16&#8243; _module_preset=&#8220;default&#8220; custom_padding=&#8220;|40px|20px|80px|false|false&#8220; global_colors_info=&#8220;{}&#8220;][et_pb_cta title=&#8220;Spo\u013eahliv\u00e9 slu\u017eby&#8220; button_text=&#8220;Kliknite tu&#8220; _builder_version=&#8220;4.16&#8243; _module_preset=&#8220;default&#8220; header_font=&#8220;|||on|||||&#8220; header_text_align=&#8220;left&#8220; header_text_color=&#8220;#bf2d0d&#8220; header_font_size=&#8220;18px&#8220; header_letter_spacing=&#8220;2px&#8220; body_font=&#8220;|700|||||||&#8220; body_text_align=&#8220;left&#8220; body_text_color=&#8220;#0b2154&#8243; body_font_size=&#8220;46px&#8220; body_line_height=&#8220;1em&#8220; background_color=&#8220;rgba(0,0,0,0)&#8220; custom_margin=&#8220;||0px||false|false&#8220; custom_padding=&#8220;||0px|0px|false|false&#8220; global_colors_info=&#8220;{}&#8220;]<\/p>\n<p>Sme kvalifikovan\u00ed a profesion\u00e1lni<\/p>\n<p>[\/et_pb_cta][et_pb_text _builder_version=&#8220;4.16&#8243; _module_preset=&#8220;default&#8220; text_text_color=&#8220;#596277&#8243; global_colors_info=&#8220;{}&#8220;]V na\u0161om autoservise AutoService si plne uvedomujeme, ak\u00e9 \u0165a\u017ek\u00e9 je pre \u013eud\u00ed n\u00e1js\u0165 spo\u013eahliv\u00e9 a d\u00f4veryhodn\u00e9 servisy, v ktor\u00fdch m\u00f4\u017eu vykon\u00e1va\u0165 servis a opravu svojich vozidiel. V\u017edy chceme na\u0161im z\u00e1kazn\u00edkom dok\u00e1za\u0165, \u017ee sme in\u00ed![\/et_pb_text][et_pb_blurb title=&#8220;Zaober\u00e1me sa v\u0161etk\u00fdmi zna\u010dkami a modelmi viac ako 40 zna\u010diek automobilov&#8220; use_icon=&#8220;on&#8220; font_icon=&#8220;&#x35;||divi||400&#8243; icon_color=&#8220;#f2f3f3&#8243; image_icon_background_color=&#8220;#bf2d0d&#8220; icon_placement=&#8220;left&#8220; image_icon_width=&#8220;14px&#8220; _builder_version=&#8220;4.16&#8243; _module_preset=&#8220;default&#8220; header_font_size=&#8220;16px&#8220; header_line_height=&#8220;2em&#8220; image_icon_custom_padding=&#8220;8px|8px|8px|8px|false|false&#8220; custom_margin=&#8220;||0px||false|false&#8220; border_radii_image=&#8220;on|100%|100%|100%|100%&#8220; icon_font_size=&#8220;14px&#8220; use_circle=&#8220;on&#8220; global_colors_info=&#8220;{}&#8220; image_icon_background_color__sticky_enabled=&#8220;#bf2d0d&#8220; image_icon_background_color__sticky=&#8220;#bf2d0d&#8220;][\/et_pb_blurb][et_pb_blurb title=&#8220;Opravy automobilov s\u00fa pre v\u00e1s pohodlnej\u0161ie&#8220; use_icon=&#8220;on&#8220; font_icon=&#8220;&#x35;||divi||400&#8243; icon_color=&#8220;#f2f3f3&#8243; image_icon_background_color=&#8220;#bf2d0d&#8220; icon_placement=&#8220;left&#8220; image_icon_width=&#8220;14px&#8220; _builder_version=&#8220;4.16&#8243; _module_preset=&#8220;default&#8220; header_font_size=&#8220;16px&#8220; header_line_height=&#8220;2em&#8220; image_icon_custom_padding=&#8220;8px|8px|8px|8px|false|false&#8220; custom_margin=&#8220;||0px||false|false&#8220; border_radii_image=&#8220;on|100%|100%|100%|100%&#8220; icon_font_size=&#8220;14px&#8220; use_circle=&#8220;on&#8220; global_colors_info=&#8220;{}&#8220; image_icon_background_color__sticky_enabled=&#8220;#bf2d0d&#8220; image_icon_background_color__sticky=&#8220;#bf2d0d&#8220;][\/et_pb_blurb][et_pb_blurb title=&#8220;Sme schv\u00e1len\u00ed miestnym \u00faradom pre obchodn\u00e9 normy&#8220; use_icon=&#8220;on&#8220; font_icon=&#8220;&#x35;||divi||400&#8243; icon_color=&#8220;#f2f3f3&#8243; image_icon_background_color=&#8220;#bf2d0d&#8220; icon_placement=&#8220;left&#8220; image_icon_width=&#8220;14px&#8220; _builder_version=&#8220;4.16&#8243; _module_preset=&#8220;default&#8220; header_font_size=&#8220;16px&#8220; header_line_height=&#8220;2em&#8220; image_icon_custom_padding=&#8220;8px|8px|8px|8px|false|false&#8220; border_radii_image=&#8220;on|100%|100%|100%|100%&#8220; icon_font_size=&#8220;14px&#8220; use_circle=&#8220;on&#8220; global_colors_info=&#8220;{}&#8220; image_icon_background_color__sticky_enabled=&#8220;#bf2d0d&#8220; image_icon_background_color__sticky=&#8220;#bf2d0d&#8220;][\/et_pb_blurb][\/et_pb_column][et_pb_column type=&#8220;1_2&#8243; _builder_version=&#8220;4.16&#8243; _module_preset=&#8220;default&#8220; global_colors_info=&#8220;{}&#8220;][et_pb_image src=&#8220;https:\/\/relaunch.jan-brand-solutions.at\/wp-content\/uploads\/2020\/10\/garage-img-40.png&#8220; title_text=&#8220;gar\u00e1\u017e-img-40&#8243; _builder_version=&#8220;4.16&#8243; _module_preset=&#8220;default&#8220; global_colors_info=&#8220;{}&#8220;][\/et_pb_image][\/et_pb_column][\/et_pb_row][\/et_pb_section][et_pb_section fb_built=&#8220;1&#8243; _builder_version=&#8220;4.16&#8243; _module_preset=&#8220;default&#8220; background_color=&#8220;#f2f3f3&#8243; background_image=&#8220;https:\/\/demo.divi-pixel.com\/garage\/wp-content\/uploads\/sites\/4\/2020\/10\/garage-img-06.png&#8220; custom_padding=&#8220;||200px|||&#8220; global_colors_info=&#8220;{}&#8220;][et_pb_row _builder_version=&#8220;4.16&#8243; _module_preset=&#8220;default&#8220; custom_padding=&#8220;0px||20px|||&#8220; global_colors_info=&#8220;{}&#8220;][et_pb_column type=&#8220;4_4&#8243; _builder_version=&#8220;4.16&#8243; _module_preset=&#8220;default&#8220; global_colors_info=&#8220;{}&#8220;][et_pb_cta title=&#8220;Na\u0161e slu\u017eby&#8220; button_text=&#8220;Kliknite tu&#8220; _builder_version=&#8220;4.16&#8243; _module_preset=&#8220;default&#8220; header_font=&#8220;|||on|||||&#8220; header_text_align=&#8220;center&#8220; header_text_color=&#8220;#bf2d0d&#8220; header_font_size=&#8220;18px&#8220; header_letter_spacing=&#8220;2px&#8220; body_font=&#8220;|700|||||||&#8220; body_text_align=&#8220;center&#8220; body_text_color=&#8220;#0b2154&#8243; body_font_size=&#8220;46px&#8220; body_line_height=&#8220;1em&#8220; background_color=&#8220;rgba(0,0,0,0)&#8220; custom_margin=&#8220;||0px||false|false&#8220; custom_padding=&#8220;||0px|0px|false|false&#8220; global_colors_info=&#8220;{}&#8220;]<\/p>\n<p>Slu\u017eby opravy \u00e1ut<\/p>\n<p>[\/et_pb_cta][\/et_pb_column][\/et_pb_row][et_pb_row _builder_version=&#8220;4.16&#8243; _module_preset=&#8220;default&#8220; global_colors_info=&#8220;{}&#8220;][et_pb_column type=&#8220;4_4&#8243; _builder_version=&#8220;4.16&#8243; _module_preset=&#8220;default&#8220; global_colors_info=&#8220;{}&#8220;][et_pb_blog fullwidth=&#8220;off&#8220; post_type=&#8220;project&#8220; show_author=&#8220;off&#8220; show_date=&#8220;off&#8220; show_categories=&#8220;off&#8220; show_excerpt=&#8220;off&#8220; show_pagination=&#8220;off&#8220; _builder_version=&#8220;4.16&#8243; _module_preset=&#8220;default&#8220; header_text_color=&#8220;#0b2154&#8243; header_font_size=&#8220;25px&#8220; header_line_height=&#8220;1.2em&#8220; body_text_color=&#8220;#596277&#8243; body_font_size=&#8220;14px&#8220; meta_font=&#8220;|||on|||||&#8220; meta_text_color=&#8220;#bf2d0d&#8220; meta_font_size=&#8220;13px&#8220; text_orientation=&#8220;left&#8220; border_width_all=&#8220;0px&#8220; box_shadow_style=&#8220;preset1&#8243; box_shadow_blur=&#8220;40px&#8220; box_shadow_color=&#8220;rgba(11,33,84,0.08)&#8220; global_colors_info=&#8220;{}&#8220; box_shadow_blur__hover=&#8220;60px&#8220; box_shadow_blur__hover_enabled=&#8220;on|hover&#8220; box_shadow_color__hover=&#8220;rgba(11,33,84,0.16)&#8220; box_shadow_color__hover_enabled=&#8220;on|hover&#8220; box_shadow_vertical__hover=&#8220;10px&#8220; box_shadow_vertical__hover_enabled=&#8220;on|hover&#8220; transform_scale__hover_enabled=&#8220;off|desktop&#8220; transform_translate__hover_enabled=&#8220;off|desktop&#8220; transform_rotate__hover_enabled=&#8220;off|desktop&#8220; transform_skew__hover_enabled=&#8220;off|desktop&#8220; transform_origin__hover_enabled=&#8220;off|desktop&#8220;][\/et_pb_blog][\/et_pb_column][\/et_pb_row][et_pb_row column_structure=&#8220;1_4,1_4,1_4,1_4&#8243; _builder_version=&#8220;4.16&#8243; _module_preset=&#8220;default&#8220; global_colors_info=&#8220;{}&#8220;][et_pb_column type=&#8220;1_4&#8243; _builder_version=&#8220;4.16&#8243; _module_preset=&#8220;default&#8220; global_colors_info=&#8220;{}&#8220;][et_pb_blurb title=&#8220;Slu\u017eby kvality&#8220; image=&#8220;https:\/\/demo.divi-pixel.com\/garage\/wp-content\/uploads\/sites\/4\/2020\/10\/icon-07.svg&#8220; icon_placement=&#8220;left&#8220; image_icon_width=&#8220;60px&#8220; _builder_version=&#8220;4.16&#8243; _module_preset=&#8220;default&#8220; header_font_size=&#8220;20px&#8220; custom_css_blurb_title=&#8220;margin-top: 20px;&#8220; image_max_width=&#8220;60px&#8220; global_colors_info=&#8220;{}&#8220;][\/et_pb_blurb][\/et_pb_column][et_pb_column type=&#8220;1_4&#8243; _builder_version=&#8220;4.16&#8243; _module_preset=&#8220;default&#8220; global_colors_info=&#8220;{}&#8220;][et_pb_blurb title=&#8220;Plne poisten\u00e9&#8220; image=&#8220;https:\/\/demo.divi-pixel.com\/garage\/wp-content\/uploads\/sites\/4\/2020\/10\/icon-11.svg&#8220; icon_placement=&#8220;left&#8220; image_icon_width=&#8220;60px&#8220; _builder_version=&#8220;4.16&#8243; _module_preset=&#8220;default&#8220; header_font_size=&#8220;20px&#8220; custom_css_blurb_title=&#8220;margin-top: 20px;&#8220; image_max_width=&#8220;60px&#8220; global_colors_info=&#8220;{}&#8220;][\/et_pb_blurb][\/et_pb_column][et_pb_column type=&#8220;1_4&#8243; _builder_version=&#8220;4.16&#8243; _module_preset=&#8220;default&#8220; global_colors_info=&#8220;{}&#8220;][et_pb_blurb title=&#8220;Profesion\u00e1lny t\u00edm&#8220; image=&#8220;https:\/\/demo.divi-pixel.com\/garage\/wp-content\/uploads\/sites\/4\/2020\/10\/icon-14.svg&#8220; icon_placement=&#8220;left&#8220; image_icon_width=&#8220;60px&#8220; _builder_version=&#8220;4.16&#8243; _module_preset=&#8220;default&#8220; header_font_size=&#8220;20px&#8220; custom_css_blurb_title=&#8220;margin-top: 20px;&#8220; image_max_width=&#8220;60px&#8220; global_colors_info=&#8220;{}&#8220;][\/et_pb_blurb][\/et_pb_column][et_pb_column type=&#8220;1_4&#8243; _builder_version=&#8220;4.16&#8243; _module_preset=&#8220;default&#8220; global_colors_info=&#8220;{}&#8220;][et_pb_blurb title=&#8220;Koles\u00e1 a pneumatiky&#8220; image=&#8220;https:\/\/demo.divi-pixel.com\/garage\/wp-content\/uploads\/sites\/4\/2020\/10\/icon-02.svg&#8220; icon_placement=&#8220;left&#8220; image_icon_width=&#8220;60px&#8220; _builder_version=&#8220;4.16&#8243; _module_preset=&#8220;default&#8220; header_font_size=&#8220;20px&#8220; custom_css_blurb_title=&#8220;margin-top: 20px;&#8220; image_max_width=&#8220;60px&#8220; global_colors_info=&#8220;{}&#8220;][\/et_pb_blurb][\/et_pb_column][\/et_pb_row][\/et_pb_section]<\/p>\n","protected":false},"excerpt":{"rendered":"<p>Na\u0161e slu\u017eby<div class=\"et_pb_module dipi_breadcrumbs dipi_breadcrumbs_0\">\n\t\t\t\t\n\t\t\t\t\n\t\t\t\t\n\t\t\t\t\n\t\t\t\t\n\t\t\t\t\n\t\t\t\t<div class=\"et_pb_module_inner\">\n\t\t\t\t\t<div class=\"dipi-breadcrumbs dipi-bc-left\">\n                <ul >\n                    \n                                                        <li  class=\"dipi-breadcrumb-item dipi-breadcrumb-home\">\n\n                                                    <a  href=\"https:\/\/relaunch.jan-brand-solutions.at\/sk\/\">\n                                <span  content=\"Home\">\n                                                                        J.A.N Promotion                                <\/span>\n                            <\/a>\n\n                                                <meta itemprop=\"position\" content=\"1\"\/>                    <\/li>\n\n                    <li class=\"dipi-breadcrumb-separator\">\n                    <span class=\"et-pb-icon dipi-separator-icon\">&#x24;<\/span>\n                <\/li>                            \n                <\/ul>\n            <\/div>\n\t\t\t\t<\/div>\n\t\t\t<\/div>Sme kvalifikovan\u00ed a profesion\u00e1lniV na\u0161om autoservise AutoService si plne uvedomujeme, ak\u00e9 \u0165a\u017ek\u00e9 je pre \u013eud\u00ed n\u00e1js\u0165 spo\u013eahliv\u00e9 a d\u00f4veryhodn\u00e9 servisy, v ktor\u00fdch m\u00f4\u017eu vykon\u00e1va\u0165 servis a opravu svojich vozidiel. V\u017edy chceme na\u0161im z\u00e1kazn\u00edkom dok\u00e1za\u0165, \u017ee sme in\u00ed!Slu\u017eby opravy \u00e1ut<\/p>\n","protected":false},"author":3,"featured_media":0,"parent":0,"menu_order":0,"comment_status":"closed","ping_status":"closed","template":"","meta":{"_acf_changed":false,"_et_pb_use_builder":"on","_et_pb_old_content":"","_et_gb_content_width":"","footnotes":""},"dipi_cpt_category":[],"class_list":["post-9003","page","type-page","status-publish","hentry"],"acf":[],"_links":{"self":[{"href":"https:\/\/relaunch.jan-brand-solutions.at\/sk\/wp-json\/wp\/v2\/pages\/9003","targetHints":{"allow":["GET"]}}],"collection":[{"href":"https:\/\/relaunch.jan-brand-solutions.at\/sk\/wp-json\/wp\/v2\/pages"}],"about":[{"href":"https:\/\/relaunch.jan-brand-solutions.at\/sk\/wp-json\/wp\/v2\/types\/page"}],"author":[{"embeddable":true,"href":"https:\/\/relaunch.jan-brand-solutions.at\/sk\/wp-json\/wp\/v2\/users\/3"}],"replies":[{"embeddable":true,"href":"https:\/\/relaunch.jan-brand-solutions.at\/sk\/wp-json\/wp\/v2\/comments?post=9003"}],"version-history":[{"count":2,"href":"https:\/\/relaunch.jan-brand-solutions.at\/sk\/wp-json\/wp\/v2\/pages\/9003\/revisions"}],"predecessor-version":[{"id":9030,"href":"https:\/\/relaunch.jan-brand-solutions.at\/sk\/wp-json\/wp\/v2\/pages\/9003\/revisions\/9030"}],"wp:attachment":[{"href":"https:\/\/relaunch.jan-brand-solutions.at\/sk\/wp-json\/wp\/v2\/media?parent=9003"}],"wp:term":[{"taxonomy":"dipi_cpt_category","embeddable":true,"href":"https:\/\/relaunch.jan-brand-solutions.at\/sk\/wp-json\/wp\/v2\/dipi_cpt_category?post=9003"}],"curies":[{"name":"wp","href":"https:\/\/api.w.org\/{rel}","templated":true}]}}