{"id":8920,"date":"2020-10-23T16:08:45","date_gmt":"2020-10-23T14:08:45","guid":{"rendered":"https:\/\/relaunch.jan-brand-solutions.at\/szolgaltatasok\/"},"modified":"2023-10-24T21:25:37","modified_gmt":"2023-10-24T19:25:37","slug":"szolgaltatasok","status":"publish","type":"page","link":"https:\/\/relaunch.jan-brand-solutions.at\/hu\/szolgaltatasok\/","title":{"rendered":"Szolg\u00e1ltat\u00e1sok"},"content":{"rendered":"<p>[et_pb_section fb_built=&#8221;1&#8243; admin_label=&#8221;section&#8221; _builder_version=&#8221;4.16&#8243; background_color=&#8221;rgba(57,57,57,0.85)&#8221; background_image=&#8221;https:\/\/relaunch.jan-brand-solutions.at\/wp-content\/uploads\/2020\/10\/garage-img-28.jpg&#8221; background_blend=&#8221;multiply&#8221; custom_padding=&#8221;120px||240px||false|false&#8221; global_colors_info=&#8221;{}&#8221;][et_pb_row _builder_version=&#8221;4.16&#8243; _module_preset=&#8221;default&#8221; custom_padding=&#8221;||80px||false|false&#8221; scroll_vertical_motion_enable=&#8221;on&#8221; scroll_vertical_motion=&#8221;0|90|90|100|0|0|0.5&#8243; scroll_fade_enable=&#8221;on&#8221; scroll_fade=&#8221;0|90|90|100|100%|100%|0%&#8221; global_colors_info=&#8221;{}&#8221;][et_pb_column type=&#8221;4_4&#8243; _builder_version=&#8221;4.16&#8243; _module_preset=&#8221;default&#8221; global_colors_info=&#8221;{}&#8221;][et_pb_text _builder_version=&#8221;4.16&#8243; _module_preset=&#8221;default&#8221; header_text_align=&#8221;center&#8221; header_text_color=&#8221;#ffffff&#8221; header_font_size=&#8221;60px&#8221; custom_margin=&#8221;||10px||false|false&#8221; animation_direction=&#8221;bottom&#8221; header_font_size_tablet=&#8221;50px&#8221; header_font_size_phone=&#8221;40px&#8221; header_font_size_last_edited=&#8221;on|desktop&#8221; global_colors_info=&#8221;{}&#8221;]<\/p>\n<h1>Szolg\u00e1ltat\u00e1saink<\/h1>\n<p>[\/et_pb_text][dipi_breadcrumbs bc_home_icon=&#8221;off&#8221; bc_separator_icon=&#8221;&#x24;||divi||400&#8243; bc_separator_color=&#8221;#ffffff&#8221; bc_item_bg_color=&#8221;rgba(0,0,0,0)&#8221; bc_active_item_color=&#8221;rgba(0,0,0,0)&#8221; bc_hover_item_bg_color=&#8221;rgba(0,0,0,0)&#8221; _builder_version=&#8221;4.16&#8243; _module_preset=&#8221;default&#8221; items_text_color=&#8221;rgba(255,255,255,0.6)&#8221; hover_text_color=&#8221;#ffffff&#8221; active_text_color=&#8221;#ffffff&#8221; module_alignment=&#8221;center&#8221; animation_direction=&#8221;bottom&#8221; items_text_shadow_style=&#8221;preset1&#8243; global_colors_info=&#8221;{}&#8221;][\/dipi_breadcrumbs][\/et_pb_column][\/et_pb_row][\/et_pb_section][et_pb_section fb_built=&#8221;1&#8243; _builder_version=&#8221;4.16&#8243; _module_preset=&#8221;default&#8221; background_color=&#8221;#f2f3f3&#8243; custom_padding=&#8221;2px|||||&#8221; global_colors_info=&#8221;{}&#8221;][et_pb_row column_structure=&#8221;1_2,1_2&#8243; custom_padding_last_edited=&#8221;on|phone&#8221; _builder_version=&#8221;4.16&#8243; _module_preset=&#8221;default&#8221; background_color=&#8221;#ffffff&#8221; width_tablet=&#8221;90%&#8221; width_phone=&#8221;100%&#8221; width_last_edited=&#8221;on|phone&#8221; custom_margin=&#8221;-200px||||false|false&#8221; custom_padding=&#8221;100px||100px||false|false&#8221; custom_padding_tablet=&#8221;60px||100px||false|false&#8221; custom_padding_phone=&#8221;&#8221; animation_style=&#8221;slide&#8221; animation_direction=&#8221;bottom&#8221; animation_duration=&#8221;2000ms&#8221; animation_delay=&#8221;200ms&#8221; animation_intensity_slide=&#8221;2%&#8221; animation_starting_opacity=&#8221;100%&#8221; global_colors_info=&#8221;{}&#8221;][et_pb_column type=&#8221;1_2&#8243; _builder_version=&#8221;4.16&#8243; _module_preset=&#8221;default&#8221; custom_padding=&#8221;|40px|20px|80px|false|false&#8221; global_colors_info=&#8221;{}&#8221;][et_pb_cta title=&#8221;Megb\u00edzhat\u00f3 szolg\u00e1ltat\u00e1sok&#8221; button_text=&#8221;Kattintson ide&#8221; _builder_version=&#8221;4.16&#8243; _module_preset=&#8221;default&#8221; header_font=&#8221;|||on|||||&#8221; header_text_align=&#8221;left&#8221; header_text_color=&#8221;#bf2d0d&#8221; header_font_size=&#8221;18px&#8221; header_letter_spacing=&#8221;2px&#8221; body_font=&#8221;|700|||||||&#8221; body_text_align=&#8221;left&#8221; body_text_color=&#8221;#0b2154&#8243; body_font_size=&#8221;46px&#8221; body_line_height=&#8221;1em&#8221; background_color=&#8221;rgba(0,0,0,0)&#8221; custom_margin=&#8221;||0px||false|false&#8221; custom_padding=&#8221;||0px|0px|false|false&#8221; global_colors_info=&#8221;{}&#8221;]<\/p>\n<p>K\u00e9pzettek \u00e9s profik vagyunk<\/p>\n<p>[\/et_pb_cta][et_pb_text _builder_version=&#8221;4.16&#8243; _module_preset=&#8221;default&#8221; text_text_color=&#8221;#596277&#8243; global_colors_info=&#8221;{}&#8221;]AutoService szerviz\u00fcnkben teljes m\u00e9rt\u00e9kben tiszt\u00e1ban vagyunk azzal, hogy milyen neh\u00e9z az embereknek megb\u00edzhat\u00f3 \u00e9s megb\u00edzhat\u00f3 szervizeket tal\u00e1lni, ahol szervizelhetik \u00e9s jav\u00edthatj\u00e1k aut\u00f3ikat. Mindig szeretn\u00e9nk bebizony\u00edtani \u00fcgyfeleinknek, hogy mi m\u00e1sok vagyunk![\/et_pb_text][et_pb_blurb title=&#8221;T\u00f6bb mint 40 aut\u00f3m\u00e1rka minden m\u00e1rk\u00e1j\u00e1t \u00e9s modellj\u00e9t kezelj\u00fck.&#8221; use_icon=&#8221;on&#8221; font_icon=&#8221;&#x35;||divi||400&#8243; icon_color=&#8221;#f2f3f3&#8243; image_icon_background_color=&#8221;#bf2d0d&#8221; icon_placement=&#8221;left&#8221; image_icon_width=&#8221;14px&#8221; _builder_version=&#8221;4.16&#8243; _module_preset=&#8221;default&#8221; header_font_size=&#8221;16px&#8221; header_line_height=&#8221;2em&#8221; image_icon_custom_padding=&#8221;8px|8px|8px|8px|false|false&#8221; custom_margin=&#8221;||0px||false|false&#8221; border_radii_image=&#8221;on|100%|100%|100%|100%&#8221; icon_font_size=&#8221;14px&#8221; use_circle=&#8221;on&#8221; global_colors_info=&#8221;{}&#8221; image_icon_background_color__sticky_enabled=&#8221;#bf2d0d&#8221; image_icon_background_color__sticky=&#8221;#bf2d0d&#8221;][\/et_pb_blurb][et_pb_blurb title=&#8221;K\u00e9nyelmesebb\u00e9 tessz\u00fck az aut\u00f3jav\u00edt\u00e1st az \u00d6n sz\u00e1m\u00e1ra&#8221; use_icon=&#8221;on&#8221; font_icon=&#8221;&#x35;||divi||400&#8243; icon_color=&#8221;#f2f3f3&#8243; image_icon_background_color=&#8221;#bf2d0d&#8221; icon_placement=&#8221;left&#8221; image_icon_width=&#8221;14px&#8221; _builder_version=&#8221;4.16&#8243; _module_preset=&#8221;default&#8221; header_font_size=&#8221;16px&#8221; header_line_height=&#8221;2em&#8221; image_icon_custom_padding=&#8221;8px|8px|8px|8px|false|false&#8221; custom_margin=&#8221;||0px||false|false&#8221; border_radii_image=&#8221;on|100%|100%|100%|100%&#8221; icon_font_size=&#8221;14px&#8221; use_circle=&#8221;on&#8221; global_colors_info=&#8221;{}&#8221; image_icon_background_color__sticky_enabled=&#8221;#bf2d0d&#8221; image_icon_background_color__sticky=&#8221;#bf2d0d&#8221;][\/et_pb_blurb][et_pb_blurb title=&#8221;A helyi kereskedelmi szabv\u00e1ny\u00fcgyi hivatal j\u00f3v\u00e1hagy\u00e1s\u00e1val rendelkez\u00fcnk.&#8221; use_icon=&#8221;on&#8221; font_icon=&#8221;&#x35;||divi||400&#8243; icon_color=&#8221;#f2f3f3&#8243; image_icon_background_color=&#8221;#bf2d0d&#8221; icon_placement=&#8221;left&#8221; image_icon_width=&#8221;14px&#8221; _builder_version=&#8221;4.16&#8243; _module_preset=&#8221;default&#8221; header_font_size=&#8221;16px&#8221; header_line_height=&#8221;2em&#8221; image_icon_custom_padding=&#8221;8px|8px|8px|8px|false|false&#8221; border_radii_image=&#8221;on|100%|100%|100%|100%&#8221; icon_font_size=&#8221;14px&#8221; use_circle=&#8221;on&#8221; global_colors_info=&#8221;{}&#8221; image_icon_background_color__sticky_enabled=&#8221;#bf2d0d&#8221; image_icon_background_color__sticky=&#8221;#bf2d0d&#8221;][\/et_pb_blurb][\/et_pb_column][et_pb_column type=&#8221;1_2&#8243; _builder_version=&#8221;4.16&#8243; _module_preset=&#8221;default&#8221; global_colors_info=&#8221;{}&#8221;][et_pb_image src=&#8221;https:\/\/relaunch.jan-brand-solutions.at\/wp-content\/uploads\/2020\/10\/garage-img-40.png&#8221; title_text=&#8221;garage-img-40&#8243; _builder_version=&#8221;4.16&#8243; _module_preset=&#8221;default&#8221; global_colors_info=&#8221;{}&#8221;][\/et_pb_image][\/et_pb_column][\/et_pb_row][\/et_pb_section][et_pb_section fb_built=&#8221;1&#8243; _builder_version=&#8221;4.16&#8243; _module_preset=&#8221;default&#8221; background_color=&#8221;#f2f3f3&#8243; background_image=&#8221;https:\/\/demo.divi-pixel.com\/garage\/wp-content\/uploads\/sites\/4\/2020\/10\/garage-img-06.png&#8221; custom_padding=&#8221;||200px|||&#8221; global_colors_info=&#8221;{}&#8221;][et_pb_row _builder_version=&#8221;4.16&#8243; _module_preset=&#8221;default&#8221; custom_padding=&#8221;0px||20px|||&#8221; global_colors_info=&#8221;{}&#8221;][et_pb_column type=&#8221;4_4&#8243; _builder_version=&#8221;4.16&#8243; _module_preset=&#8221;default&#8221; global_colors_info=&#8221;{}&#8221;][et_pb_cta title=&#8221;Szolg\u00e1ltat\u00e1saink&#8221; button_text=&#8221;Kattintson ide&#8221; _builder_version=&#8221;4.16&#8243; _module_preset=&#8221;default&#8221; header_font=&#8221;|||on|||||&#8221; header_text_align=&#8221;center&#8221; header_text_color=&#8221;#bf2d0d&#8221; header_font_size=&#8221;18px&#8221; header_letter_spacing=&#8221;2px&#8221; body_font=&#8221;|700|||||||&#8221; body_text_align=&#8221;center&#8221; body_text_color=&#8221;#0b2154&#8243; body_font_size=&#8221;46px&#8221; body_line_height=&#8221;1em&#8221; background_color=&#8221;rgba(0,0,0,0)&#8221; custom_margin=&#8221;||0px||false|false&#8221; custom_padding=&#8221;||0px|0px|false|false&#8221; global_colors_info=&#8221;{}&#8221;]<\/p>\n<p>Aut\u00f3jav\u00edt\u00e1si szolg\u00e1ltat\u00e1sok<\/p>\n<p>[\/et_pb_cta][\/et_pb_column][\/et_pb_row][et_pb_row _builder_version=&#8221;4.16&#8243; _module_preset=&#8221;default&#8221; global_colors_info=&#8221;{}&#8221;][et_pb_column type=&#8221;4_4&#8243; _builder_version=&#8221;4.16&#8243; _module_preset=&#8221;default&#8221; global_colors_info=&#8221;{}&#8221;][et_pb_blog fullwidth=&#8221;off&#8221; post_type=&#8221;project&#8221; show_author=&#8221;off&#8221; show_date=&#8221;off&#8221; show_categories=&#8221;off&#8221; show_excerpt=&#8221;off&#8221; show_pagination=&#8221;off&#8221; _builder_version=&#8221;4.16&#8243; _module_preset=&#8221;default&#8221; header_text_color=&#8221;#0b2154&#8243; header_font_size=&#8221;25px&#8221; header_line_height=&#8221;1.2em&#8221; body_text_color=&#8221;#596277&#8243; body_font_size=&#8221;14px&#8221; meta_font=&#8221;|||on|||||&#8221; meta_text_color=&#8221;#bf2d0d&#8221; meta_font_size=&#8221;13px&#8221; text_orientation=&#8221;left&#8221; border_width_all=&#8221;0px&#8221; box_shadow_style=&#8221;preset1&#8243; box_shadow_blur=&#8221;40px&#8221; box_shadow_color=&#8221;rgba(11,33,84,0.08)&#8221; global_colors_info=&#8221;{}&#8221; box_shadow_blur__hover=&#8221;60px&#8221; box_shadow_blur__hover_enabled=&#8221;on|hover&#8221; box_shadow_color__hover=&#8221;rgba(11,33,84,0.16)&#8221; box_shadow_color__hover_enabled=&#8221;on|hover&#8221; box_shadow_vertical__hover=&#8221;10px&#8221; box_shadow_vertical__hover_enabled=&#8221;on|hover&#8221; transform_scale__hover_enabled=&#8221;off|desktop&#8221; transform_translate__hover_enabled=&#8221;off|desktop&#8221; transform_rotate__hover_enabled=&#8221;off|desktop&#8221; transform_skew__hover_enabled=&#8221;off|desktop&#8221; transform_origin__hover_enabled=&#8221;off|desktop&#8221;][\/et_pb_blog][\/et_pb_column][\/et_pb_row][et_pb_row column_structure=&#8221;1_4,1_4,1_4,1_4&#8243; _builder_version=&#8221;4.16&#8243; _module_preset=&#8221;default&#8221; global_colors_info=&#8221;{}&#8221;][et_pb_column type=&#8221;1_4&#8243; _builder_version=&#8221;4.16&#8243; _module_preset=&#8221;default&#8221; global_colors_info=&#8221;{}&#8221;][et_pb_blurb title=&#8221;Min\u0151s\u00e9gi szolg\u00e1ltat\u00e1sok&#8221; image=&#8221;https:\/\/demo.divi-pixel.com\/garage\/wp-content\/uploads\/sites\/4\/2020\/10\/icon-07.svg&#8221; icon_placement=&#8221;left&#8221; image_icon_width=&#8221;60px&#8221; _builder_version=&#8221;4.16&#8243; _module_preset=&#8221;default&#8221; header_font_size=&#8221;20px&#8221; custom_css_blurb_title=&#8221;margin-top: 20px;&#8221; image_max_width=&#8221;60px&#8221; global_colors_info=&#8221;{}&#8221;][\/et_pb_blurb][\/et_pb_column][et_pb_column type=&#8221;1_4&#8243; _builder_version=&#8221;4.16&#8243; _module_preset=&#8221;default&#8221; global_colors_info=&#8221;{}&#8221;][et_pb_blurb title=&#8221;Teljesen biztos\u00edtott&#8221; image=&#8221;https:\/\/demo.divi-pixel.com\/garage\/wp-content\/uploads\/sites\/4\/2020\/10\/icon-11.svg&#8221; icon_placement=&#8221;left&#8221; image_icon_width=&#8221;60px&#8221; _builder_version=&#8221;4.16&#8243; _module_preset=&#8221;default&#8221; header_font_size=&#8221;20px&#8221; custom_css_blurb_title=&#8221;margin-top: 20px;&#8221; image_max_width=&#8221;60px&#8221; global_colors_info=&#8221;{}&#8221;][\/et_pb_blurb][\/et_pb_column][et_pb_column type=&#8221;1_4&#8243; _builder_version=&#8221;4.16&#8243; _module_preset=&#8221;default&#8221; global_colors_info=&#8221;{}&#8221;][et_pb_blurb title=&#8221;Profi csapat&#8221; image=&#8221;https:\/\/demo.divi-pixel.com\/garage\/wp-content\/uploads\/sites\/4\/2020\/10\/icon-14.svg&#8221; icon_placement=&#8221;left&#8221; image_icon_width=&#8221;60px&#8221; _builder_version=&#8221;4.16&#8243; _module_preset=&#8221;default&#8221; header_font_size=&#8221;20px&#8221; custom_css_blurb_title=&#8221;margin-top: 20px;&#8221; image_max_width=&#8221;60px&#8221; global_colors_info=&#8221;{}&#8221;][\/et_pb_blurb][\/et_pb_column][et_pb_column type=&#8221;1_4&#8243; _builder_version=&#8221;4.16&#8243; _module_preset=&#8221;default&#8221; global_colors_info=&#8221;{}&#8221;][et_pb_blurb title=&#8221;Ker\u00e9k \u00e9s gumiabroncsok&#8221; image=&#8221;https:\/\/demo.divi-pixel.com\/garage\/wp-content\/uploads\/sites\/4\/2020\/10\/icon-02.svg&#8221; icon_placement=&#8221;left&#8221; image_icon_width=&#8221;60px&#8221; _builder_version=&#8221;4.16&#8243; _module_preset=&#8221;default&#8221; header_font_size=&#8221;20px&#8221; custom_css_blurb_title=&#8221;margin-top: 20px;&#8221; image_max_width=&#8221;60px&#8221; global_colors_info=&#8221;{}&#8221;][\/et_pb_blurb][\/et_pb_column][\/et_pb_row][\/et_pb_section]<\/p>\n","protected":false},"excerpt":{"rendered":"<p>Szolg\u00e1ltat\u00e1saink<div class=\"et_pb_module dipi_breadcrumbs dipi_breadcrumbs_0\">\n\t\t\t\t\n\t\t\t\t\n\t\t\t\t\n\t\t\t\t\n\t\t\t\t\n\t\t\t\t\n\t\t\t\t<div class=\"et_pb_module_inner\">\n\t\t\t\t\t<div class=\"dipi-breadcrumbs dipi-bc-left\">\n                <ul >\n                    \n                                                        <li  class=\"dipi-breadcrumb-item dipi-breadcrumb-home\">\n\n                                                    <a  href=\"https:\/\/relaunch.jan-brand-solutions.at\/hu\/\">\n                                <span  content=\"Home\">\n                                                                        J.A.N Promotion                                <\/span>\n                            <\/a>\n\n                                                <meta itemprop=\"position\" content=\"1\"\/>                    <\/li>\n\n                    <li class=\"dipi-breadcrumb-separator\">\n                    <span class=\"et-pb-icon dipi-separator-icon\">&#x24;<\/span>\n                <\/li>                            \n                <\/ul>\n            <\/div>\n\t\t\t\t<\/div>\n\t\t\t<\/div>K\u00e9pzettek \u00e9s profik vagyunkAutoService szerviz\u00fcnkben teljes m\u00e9rt\u00e9kben tiszt\u00e1ban vagyunk azzal, hogy milyen neh\u00e9z az embereknek megb\u00edzhat\u00f3 \u00e9s megb\u00edzhat\u00f3 szervizeket tal\u00e1lni, ahol szervizelhetik \u00e9s jav\u00edthatj\u00e1k aut\u00f3ikat. Mindig szeretn\u00e9nk bebizony\u00edtani \u00fcgyfeleinknek, hogy mi m\u00e1sok vagyunk!Aut\u00f3jav\u00edt\u00e1si szolg\u00e1ltat\u00e1sok<\/p>\n","protected":false},"author":3,"featured_media":0,"parent":0,"menu_order":0,"comment_status":"closed","ping_status":"closed","template":"","meta":{"_acf_changed":false,"_et_pb_use_builder":"on","_et_pb_old_content":"","_et_gb_content_width":"","footnotes":""},"dipi_cpt_category":[],"class_list":["post-8920","page","type-page","status-publish","hentry"],"acf":[],"_links":{"self":[{"href":"https:\/\/relaunch.jan-brand-solutions.at\/hu\/wp-json\/wp\/v2\/pages\/8920","targetHints":{"allow":["GET"]}}],"collection":[{"href":"https:\/\/relaunch.jan-brand-solutions.at\/hu\/wp-json\/wp\/v2\/pages"}],"about":[{"href":"https:\/\/relaunch.jan-brand-solutions.at\/hu\/wp-json\/wp\/v2\/types\/page"}],"author":[{"embeddable":true,"href":"https:\/\/relaunch.jan-brand-solutions.at\/hu\/wp-json\/wp\/v2\/users\/3"}],"replies":[{"embeddable":true,"href":"https:\/\/relaunch.jan-brand-solutions.at\/hu\/wp-json\/wp\/v2\/comments?post=8920"}],"version-history":[{"count":8,"href":"https:\/\/relaunch.jan-brand-solutions.at\/hu\/wp-json\/wp\/v2\/pages\/8920\/revisions"}],"predecessor-version":[{"id":9024,"href":"https:\/\/relaunch.jan-brand-solutions.at\/hu\/wp-json\/wp\/v2\/pages\/8920\/revisions\/9024"}],"wp:attachment":[{"href":"https:\/\/relaunch.jan-brand-solutions.at\/hu\/wp-json\/wp\/v2\/media?parent=8920"}],"wp:term":[{"taxonomy":"dipi_cpt_category","embeddable":true,"href":"https:\/\/relaunch.jan-brand-solutions.at\/hu\/wp-json\/wp\/v2\/dipi_cpt_category?post=8920"}],"curies":[{"name":"wp","href":"https:\/\/api.w.org\/{rel}","templated":true}]}}