{"id":7146,"date":"2020-10-23T16:08:45","date_gmt":"2020-10-23T14:08:45","guid":{"rendered":"https:\/\/relaunch.jan-brand-solutions.at\/servicios\/"},"modified":"2023-08-21T11:39:53","modified_gmt":"2023-08-21T09:39:53","slug":"servicios","status":"publish","type":"page","link":"https:\/\/relaunch.jan-brand-solutions.at\/es\/servicios\/","title":{"rendered":"Servicios"},"content":{"rendered":"<p>[et_pb_section fb_built=\u00bb1&#8243; admin_label=\u00bbsection\u00bb _builder_version=\u00bb4.16&#8243; background_color=\u00bbrgba(57,57,57,0.85)\u00bb background_image=\u00bbhttps:\/\/relaunch.jan-brand-solutions.at\/wp-content\/uploads\/2020\/10\/garage-img-28.jpg\u00bb background_blend=\u00bbmultiply\u00bb custom_padding=\u00bb120px||240px||false|false\u00bb global_colors_info=\u00bb{}\u00bb][et_pb_row _builder_version=\u00bb4.16&#8243; _module_preset=\u00bbdefault\u00bb custom_padding=\u00bb||80px||false|false\u00bb scroll_vertical_motion_enable=\u00bbon\u00bb scroll_vertical_motion=\u00bb0|90|90|100|0|0|0.5&#8243; scroll_fade_enable=\u00bbon\u00bb scroll_fade=\u00bb0|90|90|100|100%|100%|0%\u00bb global_colors_info=\u00bb{}\u00bb][et_pb_column type=\u00bb4_4&#8243; _builder_version=\u00bb4.16&#8243; _module_preset=\u00bbdefault\u00bb global_colors_info=\u00bb{}\u00bb][et_pb_text _builder_version=\u00bb4.16&#8243; _module_preset=\u00bbdefault\u00bb header_text_align=\u00bbcenter\u00bb header_text_color=\u00bb#ffffff\u00bb header_font_size=\u00bb60px\u00bb custom_margin=\u00bb||10px||false|false\u00bb animation_direction=\u00bbbottom\u00bb header_font_size_tablet=\u00bb50px\u00bb header_font_size_phone=\u00bb40px\u00bb header_font_size_last_edited=\u00bbon|desktop\u00bb global_colors_info=\u00bb{}\u00bb]<\/p>\n<h1>Nuestros servicios<\/h1>\n<p>[\/et_pb_text][dipi_breadcrumbs bc_home_icon=\u00bboff\u00bb bc_separator_icon=\u00bb&#x24;||divi||400&#8243; bc_separator_color=\u00bb#ffffff\u00bb bc_item_bg_color=\u00bbrgba(0,0,0,0)\u00bb bc_active_item_color=\u00bbrgba(0,0,0,0)\u00bb bc_hover_item_bg_color=\u00bbrgba(0,0,0,0)\u00bb _builder_version=\u00bb4.16&#8243; _module_preset=\u00bbdefault\u00bb items_text_color=\u00bbrgba(255,255,255,0.6)\u00bb hover_text_color=\u00bb#ffffff\u00bb active_text_color=\u00bb#ffffff\u00bb module_alignment=\u00bbcenter\u00bb animation_direction=\u00bbbottom\u00bb items_text_shadow_style=\u00bbpreset1&#8243; global_colors_info=\u00bb{}\u00bb][\/dipi_breadcrumbs][\/et_pb_column][\/et_pb_row][\/et_pb_section][et_pb_section fb_built=\u00bb1&#8243; _builder_version=\u00bb4.16&#8243; _module_preset=\u00bbdefault\u00bb background_color=\u00bb#f2f3f3&#8243; custom_padding=\u00bb2px|||||\u00bb global_colors_info=\u00bb{}\u00bb][et_pb_row column_structure=\u00bb1_2,1_2&#8243; custom_padding_last_edited=\u00bbon|phone\u00bb _builder_version=\u00bb4.16&#8243; _module_preset=\u00bbdefault\u00bb background_color=\u00bb#ffffff\u00bb width_tablet=\u00bb90%\u00bb width_phone=\u00bb100%\u00bb width_last_edited=\u00bbon|phone\u00bb custom_margin=\u00bb-200px||||false|false\u00bb custom_padding=\u00bb100px||100px||false|false\u00bb custom_padding_tablet=\u00bb60px||100px||false|false\u00bb custom_padding_phone=\u00bb\u00bb animation_style=\u00bbslide\u00bb animation_direction=\u00bbbottom\u00bb animation_duration=\u00bb2000ms\u00bb animation_delay=\u00bb200ms\u00bb animation_intensity_slide=\u00bb2%\u00bb animation_starting_opacity=\u00bb100%\u00bb global_colors_info=\u00bb{}\u00bb][et_pb_column type=\u00bb1_2&#8243; _builder_version=\u00bb4.16&#8243; _module_preset=\u00bbdefault\u00bb custom_padding=\u00bb|40px|20px|80px|false|false\u00bb global_colors_info=\u00bb{}\u00bb][et_pb_cta title=\u00bbServicios fiables\u00bb button_text=\u00bbHaga clic aqu\u00ed\u00bb _builder_version=\u00bb4.16&#8243; _module_preset=\u00bbdefault\u00bb header_font=\u00bb|||on|||||\u00bb header_text_align=\u00bbleft\u00bb header_text_color=\u00bb#bf2d0d\u00bb header_font_size=\u00bb18px\u00bb header_letter_spacing=\u00bb2px\u00bb body_font=\u00bb|700|||||||\u00bb body_text_align=\u00bbleft\u00bb body_text_color=\u00bb#0b2154&#8243; body_font_size=\u00bb46px\u00bb body_line_height=\u00bb1em\u00bb background_color=\u00bbrgba(0,0,0,0)\u00bb custom_margin=\u00bb||0px||false|false\u00bb custom_padding=\u00bb||0px|0px|false|false\u00bb global_colors_info=\u00bb{}\u00bb]<\/p>\n<p>Estamos cualificados y somos profesionales<\/p>\n<p>[\/et_pb_cta][et_pb_text _builder_version=\u00bb4.16&#8243; _module_preset=\u00bbdefault\u00bb text_text_color=\u00bb#596277&#8243; global_colors_info=\u00bb{}\u00bb]En nuestro taller AutoService, somos plenamente conscientes de lo dif\u00edcil que es para la gente encontrar talleres fiables y de confianza donde poder revisar y reparar sus coches. Siempre queremos demostrar a nuestros clientes que somos diferentes.[\/et_pb_text][et_pb_blurb title=\u00bbManejamos todas las marcas y modelos en m\u00e1s de 40 marcas de autom\u00f3viles\u00bb use_icon=\u00bbon\u00bb font_icon=\u00bb&#x35;||divi||400&#8243; icon_color=\u00bb#f2f3f3&#8243; image_icon_background_color=\u00bb#bf2d0d\u00bb icon_placement=\u00bbleft\u00bb image_icon_width=\u00bb14px\u00bb _builder_version=\u00bb4.16&#8243; _module_preset=\u00bbdefault\u00bb header_font_size=\u00bb16px\u00bb header_line_height=\u00bb2em\u00bb image_icon_custom_padding=\u00bb8px|8px|8px|8px|false|false\u00bb custom_margin=\u00bb||0px||false|false\u00bb border_radii_image=\u00bbon|100%|100%|100%|100%\u00bb icon_font_size=\u00bb14px\u00bb use_circle=\u00bbon\u00bb global_colors_info=\u00bb{}\u00bb image_icon_background_color__sticky_enabled=\u00bb#bf2d0d\u00bb image_icon_background_color__sticky=\u00bb#bf2d0d\u00bb][\/et_pb_blurb][et_pb_blurb title=\u00bbHacemos que la reparaci\u00f3n de su coche le resulte m\u00e1s c\u00f3moda\u00bb use_icon=\u00bbon\u00bb font_icon=\u00bb&#x35;||divi||400&#8243; icon_color=\u00bb#f2f3f3&#8243; image_icon_background_color=\u00bb#bf2d0d\u00bb icon_placement=\u00bbleft\u00bb image_icon_width=\u00bb14px\u00bb _builder_version=\u00bb4.16&#8243; _module_preset=\u00bbdefault\u00bb header_font_size=\u00bb16px\u00bb header_line_height=\u00bb2em\u00bb image_icon_custom_padding=\u00bb8px|8px|8px|8px|false|false\u00bb custom_margin=\u00bb||0px||false|false\u00bb border_radii_image=\u00bbon|100%|100%|100%|100%\u00bb icon_font_size=\u00bb14px\u00bb use_circle=\u00bbon\u00bb global_colors_info=\u00bb{}\u00bb image_icon_background_color__sticky_enabled=\u00bb#bf2d0d\u00bb image_icon_background_color__sticky=\u00bb#bf2d0d\u00bb][\/et_pb_blurb][et_pb_blurb title=\u00bbEstamos avalados por la oficina local de normas comerciales\u00bb use_icon=\u00bbon\u00bb font_icon=\u00bb&#x35;||divi||400&#8243; icon_color=\u00bb#f2f3f3&#8243; image_icon_background_color=\u00bb#bf2d0d\u00bb icon_placement=\u00bbleft\u00bb image_icon_width=\u00bb14px\u00bb _builder_version=\u00bb4.16&#8243; _module_preset=\u00bbdefault\u00bb header_font_size=\u00bb16px\u00bb header_line_height=\u00bb2em\u00bb image_icon_custom_padding=\u00bb8px|8px|8px|8px|false|false\u00bb border_radii_image=\u00bbon|100%|100%|100%|100%\u00bb icon_font_size=\u00bb14px\u00bb use_circle=\u00bbon\u00bb global_colors_info=\u00bb{}\u00bb image_icon_background_color__sticky_enabled=\u00bb#bf2d0d\u00bb image_icon_background_color__sticky=\u00bb#bf2d0d\u00bb][\/et_pb_blurb][\/et_pb_column][et_pb_column type=\u00bb1_2&#8243; _builder_version=\u00bb4.16&#8243; _module_preset=\u00bbdefault\u00bb global_colors_info=\u00bb{}\u00bb][et_pb_image src=\u00bbhttps:\/\/relaunch.jan-brand-solutions.at\/wp-content\/uploads\/2020\/10\/garage-img-40.png\u00bb title_text=\u00bbgaraje-img-40&#8243; _builder_version=\u00bb4.16&#8243; _module_preset=\u00bbdefault\u00bb global_colors_info=\u00bb{}\u00bb][\/et_pb_image][\/et_pb_column][\/et_pb_row][\/et_pb_section][et_pb_section fb_built=\u00bb1&#8243; _builder_version=\u00bb4.16&#8243; _module_preset=\u00bbdefault\u00bb background_color=\u00bb#f2f3f3&#8243; background_image=\u00bbhttps:\/\/demo.divi-pixel.com\/garage\/wp-content\/uploads\/sites\/4\/2020\/10\/garage-img-06.png\u00bb custom_padding=\u00bb||200px|||\u00bb global_colors_info=\u00bb{}\u00bb][et_pb_row _builder_version=\u00bb4.16&#8243; _module_preset=\u00bbdefault\u00bb custom_padding=\u00bb0px||20px|||\u00bb global_colors_info=\u00bb{}\u00bb][et_pb_column type=\u00bb4_4&#8243; _builder_version=\u00bb4.16&#8243; _module_preset=\u00bbdefault\u00bb global_colors_info=\u00bb{}\u00bb][et_pb_cta title=\u00bbNuestros servicios\u00bb button_text=\u00bbHaga clic aqu\u00ed\u00bb _builder_version=\u00bb4.16&#8243; _module_preset=\u00bbdefault\u00bb header_font=\u00bb|||on|||||\u00bb header_text_align=\u00bbcenter\u00bb header_text_color=\u00bb#bf2d0d\u00bb header_font_size=\u00bb18px\u00bb header_letter_spacing=\u00bb2px\u00bb body_font=\u00bb|700|||||||\u00bb body_text_align=\u00bbcenter\u00bb body_text_color=\u00bb#0b2154&#8243; body_font_size=\u00bb46px\u00bb body_line_height=\u00bb1em\u00bb background_color=\u00bbrgba(0,0,0,0)\u00bb custom_margin=\u00bb||0px||false|false\u00bb custom_padding=\u00bb||0px|0px|false|false\u00bb global_colors_info=\u00bb{}\u00bb]<\/p>\n<p>Servicios de reparaci\u00f3n de autom\u00f3viles<\/p>\n<p>[\/et_pb_cta][\/et_pb_column][\/et_pb_row][et_pb_row _builder_version=\u00bb4.16&#8243; _module_preset=\u00bbdefault\u00bb global_colors_info=\u00bb{}\u00bb][et_pb_column type=\u00bb4_4&#8243; _builder_version=\u00bb4.16&#8243; _module_preset=\u00bbdefault\u00bb global_colors_info=\u00bb{}\u00bb][et_pb_blog fullwidth=\u00bboff\u00bb post_type=\u00bbproject\u00bb show_author=\u00bboff\u00bb show_date=\u00bboff\u00bb show_categories=\u00bboff\u00bb show_excerpt=\u00bboff\u00bb show_pagination=\u00bboff\u00bb _builder_version=\u00bb4.16&#8243; _module_preset=\u00bbdefault\u00bb header_text_color=\u00bb#0b2154&#8243; header_font_size=\u00bb25px\u00bb header_line_height=\u00bb1.2em\u00bb body_text_color=\u00bb#596277&#8243; body_font_size=\u00bb14px\u00bb meta_font=\u00bb|||on|||||\u00bb meta_text_color=\u00bb#bf2d0d\u00bb meta_font_size=\u00bb13px\u00bb text_orientation=\u00bbleft\u00bb border_width_all=\u00bb0px\u00bb box_shadow_style=\u00bbpreset1&#8243; box_shadow_blur=\u00bb40px\u00bb box_shadow_color=\u00bbrgba(11,33,84,0.08)\u00bb global_colors_info=\u00bb{}\u00bb box_shadow_blur__hover=\u00bb60px\u00bb box_shadow_blur__hover_enabled=\u00bbon|hover\u00bb box_shadow_color__hover=\u00bbrgba(11,33,84,0.16)\u00bb box_shadow_color__hover_enabled=\u00bbon|hover\u00bb box_shadow_vertical__hover=\u00bb10px\u00bb box_shadow_vertical__hover_enabled=\u00bbon|hover\u00bb transform_scale__hover_enabled=\u00bboff|desktop\u00bb transform_translate__hover_enabled=\u00bboff|desktop\u00bb transform_rotate__hover_enabled=\u00bboff|desktop\u00bb transform_skew__hover_enabled=\u00bboff|desktop\u00bb transform_origin__hover_enabled=\u00bboff|desktop\u00bb][\/et_pb_blog][\/et_pb_column][\/et_pb_row][et_pb_row column_structure=\u00bb1_4,1_4,1_4,1_4&#8243; _builder_version=\u00bb4.16&#8243; _module_preset=\u00bbdefault\u00bb global_colors_info=\u00bb{}\u00bb][et_pb_column type=\u00bb1_4&#8243; _builder_version=\u00bb4.16&#8243; _module_preset=\u00bbdefault\u00bb global_colors_info=\u00bb{}\u00bb][et_pb_blurb title=\u00bbServicios de calidad\u00bb image=\u00bbhttps:\/\/demo.divi-pixel.com\/garage\/wp-content\/uploads\/sites\/4\/2020\/10\/icon-07.svg\u00bb icon_placement=\u00bbleft\u00bb image_icon_width=\u00bb60px\u00bb _builder_version=\u00bb4.16&#8243; _module_preset=\u00bbdefault\u00bb header_font_size=\u00bb20px\u00bb custom_css_blurb_title=\u00bbmargin-top: 20px;\u00bb image_max_width=\u00bb60px\u00bb global_colors_info=\u00bb{}\u00bb][\/et_pb_blurb][\/et_pb_column][et_pb_column type=\u00bb1_4&#8243; _builder_version=\u00bb4.16&#8243; _module_preset=\u00bbdefault\u00bb global_colors_info=\u00bb{}\u00bb][et_pb_blurb title=\u00bbTotalmente asegurado\u00bb image=\u00bbhttps:\/\/demo.divi-pixel.com\/garage\/wp-content\/uploads\/sites\/4\/2020\/10\/icon-11.svg\u00bb icon_placement=\u00bbleft\u00bb image_icon_width=\u00bb60px\u00bb _builder_version=\u00bb4.16&#8243; _module_preset=\u00bbdefault\u00bb header_font_size=\u00bb20px\u00bb custom_css_blurb_title=\u00bbmargin-top: 20px;\u00bb image_max_width=\u00bb60px\u00bb global_colors_info=\u00bb{}\u00bb][\/et_pb_blurb][\/et_pb_column][et_pb_column type=\u00bb1_4&#8243; _builder_version=\u00bb4.16&#8243; _module_preset=\u00bbdefault\u00bb global_colors_info=\u00bb{}\u00bb][et_pb_blurb title=\u00bbEquipo profesional\u00bb image=\u00bbhttps:\/\/demo.divi-pixel.com\/garage\/wp-content\/uploads\/sites\/4\/2020\/10\/icon-14.svg\u00bb icon_placement=\u00bbleft\u00bb image_icon_width=\u00bb60px\u00bb _builder_version=\u00bb4.16&#8243; _module_preset=\u00bbdefault\u00bb header_font_size=\u00bb20px\u00bb custom_css_blurb_title=\u00bbmargin-top: 20px;\u00bb image_max_width=\u00bb60px\u00bb global_colors_info=\u00bb{}\u00bb][\/et_pb_blurb][\/et_pb_column][et_pb_column type=\u00bb1_4&#8243; _builder_version=\u00bb4.16&#8243; _module_preset=\u00bbdefault\u00bb global_colors_info=\u00bb{}\u00bb][et_pb_blurb title=\u00bbRuedas y neum\u00e1ticos\u00bb image=\u00bbhttps:\/\/demo.divi-pixel.com\/garage\/wp-content\/uploads\/sites\/4\/2020\/10\/icon-02.svg\u00bb icon_placement=\u00bbleft\u00bb image_icon_width=\u00bb60px\u00bb _builder_version=\u00bb4.16&#8243; _module_preset=\u00bbdefault\u00bb header_font_size=\u00bb20px\u00bb custom_css_blurb_title=\u00bbmargin-top: 20px;\u00bb image_max_width=\u00bb60px\u00bb global_colors_info=\u00bb{}\u00bb][\/et_pb_blurb][\/et_pb_column][\/et_pb_row][\/et_pb_section]<\/p>\n","protected":false},"excerpt":{"rendered":"<p>Nuestros servicios<div class=\"et_pb_module dipi_breadcrumbs dipi_breadcrumbs_0\">\n\t\t\t\t\n\t\t\t\t\n\t\t\t\t\n\t\t\t\t\n\t\t\t\t\n\t\t\t\t\n\t\t\t\t<div class=\"et_pb_module_inner\">\n\t\t\t\t\t<div class=\"dipi-breadcrumbs dipi-bc-left\">\n                <ul >\n                    \n                                                        <li  class=\"dipi-breadcrumb-item dipi-breadcrumb-home\">\n\n                                                    <a  href=\"https:\/\/relaunch.jan-brand-solutions.at\/es\/\">\n                                <span  content=\"Home\">\n                                                                        J.A.N Promotion                                <\/span>\n                            <\/a>\n\n                                                <meta itemprop=\"position\" content=\"1\"\/>                    <\/li>\n\n                    <li class=\"dipi-breadcrumb-separator\">\n                    <span class=\"et-pb-icon dipi-separator-icon\">&#x24;<\/span>\n                <\/li>                            \n                <\/ul>\n            <\/div>\n\t\t\t\t<\/div>\n\t\t\t<\/div>Estamos cualificados y somos profesionalesEn nuestro taller AutoService, somos plenamente conscientes de lo dif\u00edcil que es para la gente encontrar talleres fiables y de confianza donde poder revisar y reparar sus coches. Siempre queremos demostrar a nuestros clientes que [&hellip;]<\/p>\n","protected":false},"author":3,"featured_media":0,"parent":0,"menu_order":0,"comment_status":"closed","ping_status":"closed","template":"","meta":{"_acf_changed":false,"_et_pb_use_builder":"on","_et_pb_old_content":"","_et_gb_content_width":"","footnotes":""},"dipi_cpt_category":[],"class_list":["post-7146","page","type-page","status-publish","hentry"],"acf":[],"_links":{"self":[{"href":"https:\/\/relaunch.jan-brand-solutions.at\/es\/wp-json\/wp\/v2\/pages\/7146","targetHints":{"allow":["GET"]}}],"collection":[{"href":"https:\/\/relaunch.jan-brand-solutions.at\/es\/wp-json\/wp\/v2\/pages"}],"about":[{"href":"https:\/\/relaunch.jan-brand-solutions.at\/es\/wp-json\/wp\/v2\/types\/page"}],"author":[{"embeddable":true,"href":"https:\/\/relaunch.jan-brand-solutions.at\/es\/wp-json\/wp\/v2\/users\/3"}],"replies":[{"embeddable":true,"href":"https:\/\/relaunch.jan-brand-solutions.at\/es\/wp-json\/wp\/v2\/comments?post=7146"}],"version-history":[{"count":9,"href":"https:\/\/relaunch.jan-brand-solutions.at\/es\/wp-json\/wp\/v2\/pages\/7146\/revisions"}],"predecessor-version":[{"id":7230,"href":"https:\/\/relaunch.jan-brand-solutions.at\/es\/wp-json\/wp\/v2\/pages\/7146\/revisions\/7230"}],"wp:attachment":[{"href":"https:\/\/relaunch.jan-brand-solutions.at\/es\/wp-json\/wp\/v2\/media?parent=7146"}],"wp:term":[{"taxonomy":"dipi_cpt_category","embeddable":true,"href":"https:\/\/relaunch.jan-brand-solutions.at\/es\/wp-json\/wp\/v2\/dipi_cpt_category?post=7146"}],"curies":[{"name":"wp","href":"https:\/\/api.w.org\/{rel}","templated":true}]}}